{"id":242,"date":"2025-11-11T19:42:06","date_gmt":"2025-11-11T17:42:06","guid":{"rendered":"https:\/\/www.auto-simon.de\/?page_id=242"},"modified":"2025-11-11T19:59:19","modified_gmt":"2025-11-11T17:59:19","slug":"wartungsseite","status":"publish","type":"page","link":"https:\/\/www.auto-simon.de\/","title":{"rendered":"Wartungsseite"},"content":{"rendered":"<div>\n<h1 style=\"text-align: center;\">Willkommen<\/h1>\n<p style=\"text-align: center;\"><em>Unsere Seite befindet sich gerade im Umbau. Danke f\u00fcr Ihr Verst\u00e4ndnis! Wir beeilen uns, damit Sie wieder wie gewohnt darauf zugreifen k\u00f6nnen. <\/em><\/p>\n<p style=\"text-align: center;\"><em>Bis dahin erreichen Sie uns per Mail an esso-birstein@t-online.de oder unter Telefon 06054-900100.<\/em><\/p>\n<p style=\"text-align: center;\"><em>Wir sind auch pers\u00f6nlich f\u00fcr sie da. Besuchen sie uns.<\/em><\/p>\n<\/div>\n<p style=\"text-align: center;\">Ihr Autohaus Simon<br \/>\nInhaber Maik Simon<br \/>\nBahnhofstrasse 5<br \/>\n63633 Birstein<\/p>\n<p style=\"text-align: center;\">Telefon: +49 (0) 6054 900100<br \/>\nE-Mail: esso-birstein@t-online.de<\/p>\n<p style=\"text-align: center;\">Umsatzsteuer-Identifikationsnummer gem\u00e4\u00df \u00a727 a Umsatzsteuergesetz:<br \/>\nDE 112 466 444<\/p>\n","protected":false},"excerpt":{"rendered":"<p>Willkommen Unsere Seite befindet sich gerade im Umbau. Danke f\u00fcr Ihr Verst\u00e4ndnis! Wir beeilen uns, damit Sie wieder wie gewohnt darauf zugreifen k\u00f6nnen. Bis dahin erreichen Sie uns per Mail an esso-birstein@t-online.de oder unter Telefon 06054-900100. Wir sind auch pers\u00f6nlich<\/p>\n","protected":false},"author":1,"featured_media":0,"parent":0,"menu_order":0,"comment_status":"closed","ping_status":"closed","template":"templates\/wpmm-page-template.php","meta":{"_themeisle_gutenberg_block_has_review":false,"footnotes":""},"class_list":["post-242","page","type-page","status-publish","hentry"],"_links":{"self":[{"href":"https:\/\/www.auto-simon.de\/index.php?rest_route=\/wp\/v2\/pages\/242","targetHints":{"allow":["GET"]}}],"collection":[{"href":"https:\/\/www.auto-simon.de\/index.php?rest_route=\/wp\/v2\/pages"}],"about":[{"href":"https:\/\/www.auto-simon.de\/index.php?rest_route=\/wp\/v2\/types\/page"}],"author":[{"embeddable":true,"href":"https:\/\/www.auto-simon.de\/index.php?rest_route=\/wp\/v2\/users\/1"}],"replies":[{"embeddable":true,"href":"https:\/\/www.auto-simon.de\/index.php?rest_route=%2Fwp%2Fv2%2Fcomments&post=242"}],"version-history":[{"count":9,"href":"https:\/\/www.auto-simon.de\/index.php?rest_route=\/wp\/v2\/pages\/242\/revisions"}],"predecessor-version":[{"id":252,"href":"https:\/\/www.auto-simon.de\/index.php?rest_route=\/wp\/v2\/pages\/242\/revisions\/252"}],"wp:attachment":[{"href":"https:\/\/www.auto-simon.de\/index.php?rest_route=%2Fwp%2Fv2%2Fmedia&parent=242"}],"curies":[{"name":"wp","href":"https:\/\/api.w.org\/{rel}","templated":true}]}}